{"id":513,"date":"2025-04-27T15:28:28","date_gmt":"2025-04-27T12:28:28","guid":{"rendered":"https:\/\/expo-sport.com\/?post_type=product&#038;p=513"},"modified":"2026-02-15T14:47:50","modified_gmt":"2026-02-15T11:47:50","slug":"pilates-elevate-summit-1-gunluk-bilet","status":"publish","type":"product","link":"https:\/\/expo-sport.com\/en\/product\/pilates-elevate-summit-1-gunluk-bilet\/","title":{"rendered":"Pilates Elevate Summit 1 G\u00fcnl\u00fck Bilet"},"content":{"rendered":"<p>Pilates Elevate Summit 1 G\u00fcnl\u00fck Bilet<\/p>","protected":false},"excerpt":{"rendered":"<p>Pilates Elevate Summit 1 G\u00fcnl\u00fck Bilet<\/p>","protected":false},"featured_media":0,"template":"","meta":[],"product_brand":[],"product_cat":[43],"product_tag":[],"class_list":{"0":"post-513","1":"product","2":"type-product","3":"status-publish","5":"product_cat-pilates-summit","7":"first","8":"instock","9":"shipping-taxable","10":"purchasable","11":"product-type-simple"},"_links":{"self":[{"href":"https:\/\/expo-sport.com\/en\/wp-json\/wp\/v2\/product\/513","targetHints":{"allow":["GET"]}}],"collection":[{"href":"https:\/\/expo-sport.com\/en\/wp-json\/wp\/v2\/product"}],"about":[{"href":"https:\/\/expo-sport.com\/en\/wp-json\/wp\/v2\/types\/product"}],"wp:attachment":[{"href":"https:\/\/expo-sport.com\/en\/wp-json\/wp\/v2\/media?parent=513"}],"wp:term":[{"taxonomy":"product_brand","embeddable":true,"href":"https:\/\/expo-sport.com\/en\/wp-json\/wp\/v2\/product_brand?post=513"},{"taxonomy":"product_cat","embeddable":true,"href":"https:\/\/expo-sport.com\/en\/wp-json\/wp\/v2\/product_cat?post=513"},{"taxonomy":"product_tag","embeddable":true,"href":"https:\/\/expo-sport.com\/en\/wp-json\/wp\/v2\/product_tag?post=513"}],"curies":[{"name":"wp","href":"https:\/\/api.w.org\/{rel}","templated":true}]}}