{"id":715,"date":"2025-07-23T19:20:44","date_gmt":"2025-07-23T16:20:44","guid":{"rendered":"https:\/\/expo-sport.com\/?page_id=715"},"modified":"2026-04-29T19:03:48","modified_gmt":"2026-04-29T16:03:48","slug":"padel","status":"publish","type":"page","link":"https:\/\/expo-sport.com\/en\/padel\/","title":{"rendered":"Padel Turnuvas\u0131"},"content":{"rendered":"<div class=\"wpb-content-wrapper\">    <section class=\"container-wrap  allBlack main-color vertical-col\" style=\"padding-top:40px;padding-bottom:40px\" >\n\t\t<div class=\"section-container container\">\n\t\t\t<div class=\"vc_row wpb_row vc_row-fluid row\">\n\t\t\t\t<div class=\"masajContainer wpb_column vc_column_container vc_col-sm-12\">\n    <div class=\"vc_column-inner\">\n        <div class=\"wpb_wrapper\">\n            <div class=\"wpb_single_image wpb_content_element vc_align_center\">\n\t\t<figure class=\"wpb_wrapper vc_figure\">\n\t\t\t\t\t<div class=\"vc_single_image-wrapper   vc_box_border_grey\">\n\t\t\t\t<img decoding=\"async\" class=\"vc_single_image-img\" src=\"https:\/\/expo-sport.com\/wp-content\/uploads\/2026\/03\/ipek-soylu-padel-cup-561x701.jpeg\" width=\"561\" height=\"701\" alt=\"padel-cup\" title=\"ipek-soylu-padel-cup\" loading=\"lazy\" \/>\t\t\t<\/div>\n\t\t\t\t\t\t<\/figure>\n<\/div>\n<div class=\"vc_btn3-container vc_btn3-center vc_do_btn\" ><a class=\"vc_general vc_btn3 vc_btn3-size-lg vc_btn3-shape-rounded vc_btn3-style-modern vc_btn3-color-warning\" href=\"https:\/\/expo-sport.com\/en\/product\/expo-padel-cup-2026\/\" title=\"\">Register<\/a><\/div><div class=\"kleo_text_column wpb_text_column wpb_content_element\"  style=\" color:#000000;\">\n    <div class=\"wpb_wrapper\">\n        <h2><strong>EXPO SPORT \u0130ZM\u0130R ULUSLARARASI SPOR FUARI 17-20 EYL\u00dcL 2026<\/strong><\/h2>\n<p><strong><span style=\"font-family: 'Arial',sans-serif;\">\u0130pek Soylu Geli\u015fim Vakf\u0131 EXPO PADEL CUP 2026<\/span><\/strong><span style=\"font-family: 'Arial',sans-serif;\">, T\u00fcrkiye\u2019de padel sporunun geli\u015fimine katk\u0131 sa\u011flamak amac\u0131yla d\u00fczenlenen prestijli ve \u00f6d\u00fcll\u00fc bir organizasyondur.<\/span><\/p>\n<p><span style=\"font-family: 'Arial',sans-serif;\">Sadece kar\u0131\u015f\u0131k \u00e7iftler kategorisinde ger\u00e7ekle\u015fecek turnuva; sporculara y\u00fcksek rekabet seviyesi, medya g\u00f6r\u00fcn\u00fcrl\u00fc\u011f\u00fc, profesyonel organizasyon kalitesi ve <\/span><\/p>\n<p><strong><span style=\"font-family: 'Arial',sans-serif;\">150.000 TL \u00f6d\u00fcl havuzu<\/span><\/strong><span style=\"font-family: 'Arial',sans-serif;\"> sunmaktad\u0131r.<\/span><\/p>\n<p><span style=\"font-family: 'Arial',sans-serif;\">Bu b\u00fcy\u00fck bulu\u015fma, Expo Sport \u00e7at\u0131s\u0131 alt\u0131nda spor d\u00fcnyas\u0131n\u0131 bir araya getirecektir.<br \/>\n<\/span><\/p>\n<p><strong>Toplam \u00d6d\u00fcl Havuzu: 150.000 TL<\/strong><\/p>\n<p><strong>\u015eampiyon Tak\u0131m<\/strong>\u00a0\u00a0\u00a0 80.000 TL<br \/>\n<strong>Finalist Tak\u0131m<\/strong>\u00a0\u00a0\u00a0\u00a0\u00a0\u00a0\u00a0\u00a0 45.000 TL<br \/>\n<strong>3. Tak\u0131m<\/strong>\u00a0 \u00a0 \u00a0 \u00a0 \u00a0 \u00a0 \u00a0 \u00a0 \u00a025.000 TL<\/p>\n<h2>A\u00e7\u0131klamalar<\/h2>\n<p>Turnuvaya ba\u015fvurular yaln\u0131zca <strong>tak\u0131m olarak<\/strong> kabul edilmektedir.<\/p>\n<p>Her tak\u0131m:<\/p>\n<ul>\n<li>1 kad\u0131n sporcu<\/li>\n<li>1 erkek sporcu<\/li>\n<\/ul>\n<p>olmak \u00fczere toplam <strong>2 oyuncudan<\/strong> olu\u015fmal\u0131d\u0131r.<\/p>\n<p>Kay\u0131t i\u015flemi tek form \u00fczerinden tak\u0131m ad\u0131na tamamlan\u0131r.<\/p>\n<ul>\n<li>\u00d6d\u00fcller tak\u0131m baz\u0131nda \u00f6denir.<\/li>\n<li>\u00d6deme final tarihinden itibaren 7 i\u015f g\u00fcn\u00fc i\u00e7inde banka transferi ile yap\u0131l\u0131r.<\/li>\n<li>Vergisel y\u00fck\u00fcml\u00fcl\u00fck kazanan tak\u0131ma aittir.<\/li>\n<li>Sponsorluk ve ek desteklere g\u00f6re \u00f6d\u00fcl havuzu art\u0131r\u0131labilir.<\/li>\n<\/ul>\n<h3>TURNUVA KURALLARI<\/h3>\n<ul>\n<li>Ma\u00e7lar resmi padel oyun kurallar\u0131na g\u00f6re oynan\u0131r.<\/li>\n<li>Turnuva sistemi kat\u0131l\u0131m say\u0131s\u0131na g\u00f6re belirlenecektir.<\/li>\n<li>Grup + eleme veya direkt eleme sistemi uygulanabilir.<\/li>\n<li>Ma\u00e7 saatleri organizasyon taraf\u0131ndan belirlenir.<\/li>\n<li>Partner de\u011fi\u015fikli\u011fi turnuva ba\u015flad\u0131ktan sonra yap\u0131lamaz.<\/li>\n<li>Ge\u00e7 kalan tak\u0131mlar h\u00fckmen ma\u011flup say\u0131labilir.<\/li>\n<li>Hakem ve organizasyon kararlar\u0131 nihai ve ba\u011flay\u0131c\u0131d\u0131r.<\/li>\n<li>Program de\u011fi\u015fiklik hakk\u0131 organizasyona aittir.<\/li>\n<\/ul>\n<h3>KATILIM KO\u015eULLARI<\/h3>\n<ul>\n<li>Sporcular sa\u011fl\u0131k a\u00e7\u0131s\u0131ndan turnuvaya uygun durumda olmal\u0131d\u0131r.<\/li>\n<li>Gerekli g\u00f6r\u00fcl\u00fcrse sa\u011fl\u0131k raporu talep edilebilir.<\/li>\n<li>Sportmenli\u011fe ayk\u0131r\u0131 davran\u0131\u015flarda tak\u0131m turnuvadan \u00e7\u0131kar\u0131labilir.<\/li>\n<li>Organizasyon alan\u0131nda disiplin kurallar\u0131na uyulmas\u0131 zorunludur.<\/li>\n<\/ul>\n<h3>KVKK AYDINLATMA METN\u0130<\/h3>\n<p>6698 Say\u0131l\u0131 Ki\u015fisel Verilerin Korunmas\u0131 Kanunu kapsam\u0131nda; ad, soyad, kimlik bilgileri, ileti\u015fim bilgileri, \u00f6deme bilgileri, foto\u011fraf ve video kay\u0131tlar\u0131, <strong>\u0130pek Soylu Geli\u015fim Vakf\u0131 EXPO PADEL CUP <\/strong>\u00a0organizasyon s\u00fcreci kapsam\u0131nda i\u015flenmektedir.<\/p>\n<p>Bu veriler;<\/p>\n<ul>\n<li>Kay\u0131t i\u015flemleri<\/li>\n<li>Turnuva ileti\u015fimi<\/li>\n<li>Kura ve ma\u00e7 program\u0131<\/li>\n<li>\u00d6d\u00fcl teslim s\u00fcre\u00e7leri<\/li>\n<li>Tan\u0131t\u0131m faaliyetleri<\/li>\n<li>Yasal y\u00fck\u00fcml\u00fcl\u00fckler<\/li>\n<\/ul>\n<p>amac\u0131yla kullan\u0131lacakt\u0131r.<\/p>\n<p>Veriler \u00fc\u00e7\u00fcnc\u00fc ki\u015filerle ticari ama\u00e7la payla\u015f\u0131lmaz ve g\u00fcvenli \u015fekilde korunur.<\/p>\n<p>\u0130ade Politikas\u0131<span style=\"font-family: 'Arial',sans-serif;\"><br \/>\n\u2022 Turnuvaya 14 g\u00fcn kala yap\u0131lan iptallerde \u00fccret iadesi yap\u0131lmaz.<br \/>\n\u2022 M\u00fccbir sebepler organizasyon taraf\u0131ndan de\u011ferlendirilir.<br \/>\n\u2022 Organizasyon iptal edilirse \u00fccret iadesi yap\u0131l\u0131r.<br \/>\n\u2022 Oyuncu sakatl\u0131\u011f\u0131 bireysel de\u011ferlendirmeye tabidir.<br \/>\n<\/span><\/p>\n    <\/div>\n<\/div>\n<div class=\"vc_row wpb_row vc_inner vc_row-fluid\">\n\t\n<div class=\"wpb_column vc_column_container vc_col-sm-12\">\n    <div class=\"vc_column-inner\">\n        <div class=\"wpb_wrapper\">\n            <div class=\"vc_btn3-container vc_btn3-center vc_do_btn\" ><a class=\"vc_general vc_btn3 vc_btn3-size-lg vc_btn3-shape-rounded vc_btn3-style-modern vc_btn3-color-warning\" href=\"https:\/\/expo-sport.com\/en\/product\/expo-padel-cup-2026\/\" title=\"\">Register<\/a><\/div>        <\/div>\n    <\/div>\n<\/div>\n<\/div>\n        <\/div>\n    <\/div>\n<\/div>\n\t\t\t<\/div>\n        <\/div>\n            <\/section>\n\n<\/div>","protected":false},"excerpt":{"rendered":"Kay\u0131t Ol EXPO SPORT \u0130ZM\u0130R ULUSLARARASI SPOR FUARI 17-20 EYL\u00dcL 2026 \u0130pek Soylu Geli\u015fim Vakf\u0131 EXPO PADEL CUP 2026, T\u00fcrkiye\u2019de padel sporunun geli\u015fimine katk\u0131 sa\u011flamak amac\u0131yla d\u00fczenlenen prestijli ve \u00f6d\u00fcll\u00fc bir organizasyondur. Sadece kar\u0131\u015f\u0131k \u00e7iftler kategorisinde ger\u00e7ekle\u015fecek turnuva; sporculara y\u00fcksek rekabet seviyesi, medya g\u00f6r\u00fcn\u00fcrl\u00fc\u011f\u00fc, profesyonel organizasyon kalitesi ve 150.000 TL \u00f6d\u00fcl havuzu sunmaktad\u0131r. Bu b\u00fcy\u00fck bulu\u015fma, Expo Sport \u00e7at\u0131s\u0131 alt\u0131nda [...]","protected":false},"author":1,"featured_media":0,"parent":0,"menu_order":0,"comment_status":"closed","ping_status":"closed","template":"page-templates\/full-width.php","meta":{"footnotes":""},"class_list":["post-715","page","type-page","status-publish","hentry"],"_links":{"self":[{"href":"https:\/\/expo-sport.com\/en\/wp-json\/wp\/v2\/pages\/715","targetHints":{"allow":["GET"]}}],"collection":[{"href":"https:\/\/expo-sport.com\/en\/wp-json\/wp\/v2\/pages"}],"about":[{"href":"https:\/\/expo-sport.com\/en\/wp-json\/wp\/v2\/types\/page"}],"author":[{"embeddable":true,"href":"https:\/\/expo-sport.com\/en\/wp-json\/wp\/v2\/users\/1"}],"replies":[{"embeddable":true,"href":"https:\/\/expo-sport.com\/en\/wp-json\/wp\/v2\/comments?post=715"}],"version-history":[{"count":17,"href":"https:\/\/expo-sport.com\/en\/wp-json\/wp\/v2\/pages\/715\/revisions"}],"predecessor-version":[{"id":1150,"href":"https:\/\/expo-sport.com\/en\/wp-json\/wp\/v2\/pages\/715\/revisions\/1150"}],"wp:attachment":[{"href":"https:\/\/expo-sport.com\/en\/wp-json\/wp\/v2\/media?parent=715"}],"curies":[{"name":"wp","href":"https:\/\/api.w.org\/{rel}","templated":true}]}}