{"id":613,"date":"2025-06-16T18:03:24","date_gmt":"2025-06-16T15:03:24","guid":{"rendered":"https:\/\/expo-sport.com\/?page_id=613"},"modified":"2025-08-09T15:21:57","modified_gmt":"2025-08-09T12:21:57","slug":"masaj-sampiyonasi","status":"publish","type":"page","link":"https:\/\/expo-sport.com\/en\/masaj-sampiyonasi\/","title":{"rendered":"T\u00fcrkiye Masaj \u015eampiyonas\u0131"},"content":{"rendered":"<div class=\"wpb-content-wrapper\"><section class=\"container-wrap  allBlack main-color \" style=\"padding-top:40px;padding-bottom:40px\" >\n\t\t<div class=\"section-container container\">\n\t\t\t<div class=\"vc_row wpb_row vc_row-fluid row\">\n\t\t\t\t<div class=\"masajContainer wpb_column vc_column_container vc_col-sm-6\">\n    <div class=\"vc_column-inner \">\n        <div class=\"wpb_wrapper\">\n            <div class=\"wpb_single_image wpb_content_element vc_align_center\">\n\t\t<figure class=\"wpb_wrapper vc_figure\">\n\t\t\t\t\t<div class=\"vc_single_image-wrapper   vc_box_border_grey\">\n\t\t\t\t<img decoding=\"async\" class=\"vc_single_image-img \" src=\"https:\/\/expo-sport.com\/wp-content\/uploads\/2025\/06\/WhatsApp-Gorsel-2025-06-12-saat-10.40.02_a25cebaf-450x450.jpg\" width=\"450\" height=\"450\" alt=\"WhatsApp G\u00f6rsel 2025-06-12 saat 10.40.02_a25cebaf\" title=\"WhatsApp G\u00f6rsel 2025-06-12 saat 10.40.02_a25cebaf\" loading=\"lazy\" \/>\t\t\t<\/div>\n\t\t\t\t\t\t<\/figure>\n<\/div>\n        <\/div>\n    <\/div>\n<\/div>\n<div class=\"wpb_column vc_column_container vc_col-sm-6\">\n    <div class=\"vc_column-inner \">\n        <div class=\"wpb_wrapper\">\n            <div class=\"kleo_text_column wpb_text_column wpb_content_element \"  style=\" color:#000000;\">\n    <div class=\"wpb_wrapper\">\n        <h2><strong>EXPO SPORT \u0130ZM\u0130R ULUSLARARASI SPOR FUARI 25-28 EYL\u00dcL 2025<\/strong><\/h2>\n<p><strong>EXPO SPORT \u0130ZM\u0130R 2025<br \/>\nSPOR VE SERBEST ST\u0130L T\u00dcRK\u0130YE MASAJ \u015eAMP\u0130YONASI<\/strong><\/p>\n<p>\u0130kincisi d\u00fczenlenen bu yar\u0131\u015fma; \u00dclkemizdeki Masaj Terapistlerinin moral motivasyonlar\u0131n\u0131 art\u0131rmak, mesleki rekabeti yar\u0131\u015fma formasyonu i\u00e7inde pozitif, birle\u015ftirici ve yeniliklerin payla\u015f\u0131ld\u0131\u011f\u0131 bir organizasyon olacakt\u0131r.<\/p>\n<p>ExpoSport \u0130zmir 2025 Spor Fuar\u0131 kapsam\u0131nda 27 Eyl\u00fcl Cumartesi t\u00fcm g\u00fcn spor masaj\u0131 ve serbest stil masaj kategorisi olmak \u00fczere iki kategoride \u00f6d\u00fcller verilecektir. Spor masaj\u0131 d\u0131\u015f\u0131nda serbest stil masaj kategorisinde yar\u0131\u015fmac\u0131lar 3 ana konseptten (Klasik Masaj, Uzak Asya Thai Masaj, Therapeutic Masaj) birinde yar\u0131\u015fabilirler.<\/p>\n    <\/div>\n<\/div>\n        <\/div>\n    <\/div>\n<\/div>\n\t\t\t<\/div>\n        <\/div>\n            <\/section>\n    <section class=\"container-wrap  main-color \" style=\"padding-top:40px;padding-bottom:40px\" >\n\t\t<div class=\"section-container container\">\n\t\t\t<div class=\"vc_row wpb_row vc_row-fluid row\">\n\t\t\t\t<div class=\"wpb_column vc_column_container vc_col-sm-6\">\n    <div class=\"vc_column-inner \">\n        <div class=\"wpb_wrapper\">\n            <div class=\"kleo_text_column wpb_text_column wpb_content_element \"  style=\" color:#000000;\">\n    <div class=\"wpb_wrapper\">\n        <p>2 kategoride bir, iki ve \u00fc\u00e7\u00fcnc\u00fcler kupa madalya ve s\u00fcrpriz \u00f6d\u00fcller ile \u00f6d\u00fcllendirileceklerdir. T\u00fcm kat\u0131l\u0131mc\u0131lar organizasyona kat\u0131l\u0131m belgesi ile \u00f6d\u00fcllendirilecektir. Organizasyonda fuar a\u00e7\u0131l\u0131\u015f g\u00fcn\u00fcnden itibaren, dileyen terapistler kendilerine ayr\u0131lan alanda fuar kat\u0131l\u0131mc\u0131lar\u0131na dakikas\u0131 20 TL&#8217;den masaj yapabilirler. Kazand\u0131klar\u0131 20 TL&#8217;nin 10 TL&#8217;sini fuar organizasyonuna 10 TL&#8217;sini kendileri alabilir ve kendi tan\u0131t\u0131m prezentasyonlar\u0131n\u0131 g\u00fc\u00e7lendirebilir ve do\u011frudan reklam arac\u0131 ile dan\u0131\u015fan toplayabilirler.<\/p>\n<p>\u015eampiyonaya Kat\u0131l\u0131m \u00fccreti her kategori i\u00e7in 2500 Tl.-&#8216;dir. Yar\u0131\u015fmac\u0131lar iki kategoride de yar\u0131\u015fabilirler. Bunun i\u00e7in kategori \u00fccreti olarak iki kategoriden kat\u0131lmak isteyenler 4000 Tl.-\u00fccret \u00f6deyerek kat\u0131l\u0131m sa\u011flayabilirler. \u00d6\u011frenci yar\u0131\u015fmac\u0131lar bir kategori i\u00e7in 1500 Tl.-, iki kategori i\u00e7in 2500 Tl.- \u00f6deyeceklerdir. Kategori \u00fccretini kay\u0131t formundaki banka IBAN numaras\u0131na yat\u0131rd\u0131ktan sonra yar\u0131\u015fmac\u0131 kay\u0131t formunu dolduracak foto\u011fraf ve banka dekontunu ekleyerek yar\u0131\u015fmac\u0131 h\u00fcviyetini kazanacakt\u0131r.<\/p>\n<p>Yar\u0131\u015fmac\u0131lar fuar a\u00e7\u0131l\u0131\u015f g\u00fcn\u00fcnden itibaren foto\u011frafl\u0131 yaka kartlar\u0131 ile fuara \u00fccretsiz gireceklerdir. Yaka kartlar\u0131n\u0131 a\u00e7\u0131l\u0131\u015f g\u00fcn\u00fc ve sonras\u0131 giri\u015f resepsiyonundan temin edeceklerdir.<\/p>\n<p>&nbsp;<\/p>\n<p><strong>Tarih:<\/strong> 27 Eyl\u00fcl 2025 Cumartesi<br \/>\n<strong>Yer:<\/strong> \u0130zmir Fuar Merkezi<br \/>\n<strong>Kapsam:<\/strong><\/p>\n<ul>\n<li>Spor Masaj\u0131<\/li>\n<li>Serbest Stil Masaj (Klasik Masaj, Uzak Asya Thai Masaj\u0131 veya Therapeutic Masaj)<\/li>\n<\/ul>\n<p><strong>\u00d6d\u00fcller:<br \/>\n<\/strong>Her iki kategoride 1. 2. ve 3.&#8217;lere <strong>kupa, madalya<\/strong> ve <strong>s\u00fcrpriz hediyeler<\/strong> verilecektir. Ayr\u0131ca T\u00fcm kat\u0131l\u0131mc\u0131lara <strong>kat\u0131l\u0131m sertifikas\u0131<\/strong> takdim edilecektir.<\/p>\n<p><strong>Masaj Uygulama Alan\u0131:<br \/>\n<\/strong>Terapistler, fuar boyunca kendilerine ayr\u0131lan alanda dakikas\u0131 20 TL kar\u015f\u0131l\u0131\u011f\u0131nda ziyaret\u00e7ilere masaj yapabilir.<br \/>\nElde edilen \u00fccretin 10 TL\u2019si terapiste, 10 TL\u2019si organizasyona ait olacakt\u0131r. Bu uygulama, kat\u0131l\u0131mc\u0131lar\u0131n tan\u0131t\u0131m yapmas\u0131 ve m\u00fc\u015fteri kazanmas\u0131 a\u00e7\u0131s\u0131ndan \u00f6nemli bir f\u0131rsatt\u0131r.<\/p>\n<p><strong>KATILIM \u00dcCRETLER\u0130:<br \/>\n<\/strong><\/p>\n<table>\n<thead>\n<tr>\n<td><strong>Kat\u0131l\u0131mc\u0131 T\u00fcr\u00fc<\/strong><\/td>\n<td><strong>Tek Kategori<\/strong><\/td>\n<td><strong>\u0130ki Kategori<\/strong><\/td>\n<\/tr>\n<\/thead>\n<tbody>\n<tr>\n<td>Genel Kat\u0131l\u0131mc\u0131<\/td>\n<td>2.500 TL<\/td>\n<td>4.000 TL<\/td>\n<\/tr>\n<tr>\n<td>\u00d6\u011frenci<\/td>\n<td>1.500 TL<\/td>\n<td>2.500 TL<\/td>\n<\/tr>\n<\/tbody>\n<\/table>\n<p>\u00d6deme sonras\u0131 kay\u0131t formu, banka dekontu ve foto\u011fraf ile birlikte tamamlanan ba\u015fvuru, resmi yar\u0131\u015fmac\u0131 kayd\u0131 anlam\u0131na gelecektir.<\/p>\n<p><strong>KATEGOR\u0130LER\u0130N DETAYLARI:<br \/>\n<\/strong><\/p>\n<ol>\n<li><strong> SPOR MASAJI<\/strong><\/li>\n<\/ol>\n<p>-Masaj esnas\u0131nda;<\/p>\n<ol>\n<li>Esneme tekniklerine izin verilir,<\/li>\n<li>Bandajlama teknikleri uygulayabilir,<\/li>\n<li>Kineziotape uygulamas\u0131 yap\u0131labilir.<\/li>\n<\/ol>\n<p>-Rutin masaj masas\u0131 kullanma zorunlulu\u011fu vard\u0131r.<\/p>\n<p><strong>\u00a0 \u00a0 \u00a0 &#8211;<\/strong>Yar\u0131\u015fmac\u0131lar&#8217;\u0131n en az bir aya\u011f\u0131 yer ile temas etmelidir. Temas\u0131n\u00a0 \u00a0 \u00a0 \u00a0 \u00a0kaybedilmesi diskalifiye nedenidir.<\/p>\n    <\/div>\n<\/div>\n        <\/div>\n    <\/div>\n<\/div>\n<div class=\"wpb_column vc_column_container vc_col-sm-6\">\n    <div class=\"vc_column-inner \">\n        <div class=\"wpb_wrapper\">\n            <div class=\"kleo_text_column wpb_text_column wpb_content_element \"  style=\" color:#000000;\">\n    <div class=\"wpb_wrapper\">\n        <ol>\n<li><strong>SERBEST ST\u0130L MASAJ<\/strong><\/li>\n<\/ol>\n<ul>\n<li>Yar\u0131\u015fmac\u0131 Kayropraktik uygulama ve Spor Masaj\u0131 d\u0131\u015f\u0131nda yukar\u0131da belirtilen istedi\u011fi masaj stillerinden birinden yar\u0131\u015fmaya kat\u0131labilir.<\/li>\n<li>Yar\u0131\u015fma alan\u0131nda rutin masaj masas\u0131n\u0131n d\u0131\u015f\u0131nda iki adet Thai Masaj minderi olacakt\u0131r.<\/li>\n<li>Dileyen yar\u0131\u015fmac\u0131 kendi ekipmanlar\u0131n\u0131 (masaj masas\u0131 veya minderi gibi) getirip kullanabilir.<\/li>\n<\/ul>\n<p><strong>GENEL HUSUSLAR:<br \/>\n<\/strong><\/p>\n<p><u>Yar\u0131\u015fmac\u0131lar;<\/u><\/p>\n<p>-Sunum, ki\u015fisel hijyen ve bak\u0131mlar\u0131ndan,<\/p>\n<p>-Modeli pozisyonlama, Konfor, Modelin \u00f6rt\u00fclmesi ve ahlaki de\u011ferlerden,<\/p>\n<p>-Alan ve masaj stiline uygun malzemelerin haz\u0131rl\u0131\u011f\u0131ndan,<\/p>\n<p>-Stile uygun s\u00f6zl\u00fc ve s\u00f6zs\u00fcz ileti\u015fimden,<\/p>\n<p>-Terapistin kendi v\u00fccut ergonomisine, bask\u0131 ve v\u00fccut a\u011f\u0131rl\u0131\u011f\u0131n\u0131 d\u00fczg\u00fcn kullan\u0131m\u0131ndan,<\/p>\n<p>-Ritim, ak\u0131c\u0131l\u0131k, s\u00fcreklilik, teknikler aras\u0131 ge\u00e7i\u015flerden,<\/p>\n<p>-Yeni ve farkl\u0131 tekniklerin kullan\u0131lmas\u0131 farkl\u0131 teknikler ile inovatif kombinasyonlar \u00fcretmesinden,<\/p>\n<p>-Spor bran\u015f\u0131na uygun tekniklerin kullan\u0131lmas\u0131 ve tekniklerin kombinasyonundan,<\/p>\n<p>-Masaj\u0131n b\u00fct\u00fcnl\u00fc\u011f\u00fc ve terapistin genel performans\u0131ndan,<\/p>\n<p>Sorumlu tutulacaklard\u0131r.<\/p>\n<p><strong>S\u00dcRE<br \/>\n<\/strong><\/p>\n<p>Yar\u0131\u015fma 27 Eyl\u00fcl Cumartesi sabah saat 10.00&#8217;da ba\u015flayacak ve kat\u0131l\u0131mc\u0131 say\u0131s\u0131na g\u00f6re ak\u015fam saat 17:00 \u00a0veya sonras\u0131nda bitecektir.<\/p>\n<p>Yar\u0131\u015fma kategorilere m\u00fcracaat eden kat\u0131l\u0131mc\u0131 say\u0131s\u0131na g\u00f6re, 8\u2019li veya 10\u2019lu guruplar halinde 30\u2019\u2019 dakikal\u0131k s\u00fcreler ile 5 veya 8 ki\u015filik j\u00fcri g\u00f6zetiminde yap\u0131lacakt\u0131r.<\/p>\n<p>J\u00fcri de\u011ferlendirmeleri genel sekreter taraf\u0131ndan toplan\u0131p yar\u0131\u015fma ba\u015f hakemi vas\u0131tas\u0131yla de\u011ferlendirilip guruplardan bir ve iki olanlar finale kalacaklard\u0131r. \u0130ki kategorinin finali ayn\u0131 g\u00fcn ak\u015fam saatinde yap\u0131lacak ve sonu\u00e7lar 28 Eyl\u00fcl pazar g\u00fcn\u00fc saat 15:00&#8217;te a\u00e7\u0131klanacak ve t\u00fcm kat\u0131l\u0131mc\u0131lar\u0131n toplanmas\u0131 ile \u00f6d\u00fcller ve kat\u0131l\u0131m belgeleri da\u011f\u0131t\u0131lacakt\u0131r.<\/p>\n<p><strong>KOM\u0130TE:<\/strong><\/p>\n<p>Fuar Organizasyon Koordinat\u00f6r\u00fc: L.M.T. Lis.Ped. Adnan Kabasakal<\/p>\n<p>Komite Ba\u015fkan\u0131 ve Ba\u015f J\u00fcri: Dr. H\u00fcseyin Boztepe<\/p>\n<p>(Genel Mas\u00f6r ve Spor Mas\u00f6rleri Birli\u011fi Derne\u011fi ve T\u00fcrkiye Masaj Enstit\u00fcs\u00fc Y\u00f6netim Kurulu Ba\u015fkan\u0131)<\/p>\n<p>Genel Sekreter: F.T.T. L.M.T. Derya Soyt\u00fcrk<\/p>\n<p>Gen. Mas. ve Spor Mas. Bir. Der. \u00dcyesi<\/p>\n<p>\u00dcye \/ Denet\u00e7i: Natali Bal Duvarc\u0131<\/p>\n<p>( Spa Wellness \u0130\u015fletmecileri ve Yat\u0131r\u0131mc\u0131lar\u0131 Derne\u011fi Y\u00f6netim Kurulu \u00dcyesi)<\/p>\n    <\/div>\n<\/div>\n        <\/div>\n    <\/div>\n<\/div>\n\t\t\t<\/div>\n        <\/div>\n            <\/section>\n    <section class=\"container-wrap  main-color \" style=\"padding-top:40px;padding-bottom:40px\" >\n\t\t<div class=\"section-container container\">\n\t\t\t<div class=\"vc_row wpb_row vc_row-fluid row\">\n\t\t\t\t<div class=\"wpb_column vc_column_container vc_col-sm-12\">\n    <div class=\"vc_column-inner \">\n        <div class=\"wpb_wrapper\">\n            <div class=\"kleo_text_column wpb_text_column wpb_content_element \" >\n    <div class=\"wpb_wrapper\">\n        <h2>Yar\u0131\u015fmaya Kay\u0131t Ol<\/h2>\n<p style=\"text-align: center;\"><div class=\"wpforms-container wpforms-container-full wpforms-render-modern\" id=\"wpforms-618\"><form id=\"wpforms-form-618\" class=\"wpforms-validate wpforms-form wpforms-ajax-form\" data-formid=\"618\" method=\"post\" enctype=\"multipart\/form-data\" action=\"\/en\/wp-json\/wp\/v2\/pages\/613\" data-token=\"96366c367d4a752cd1258c97d1cefcbe\" data-token-time=\"1776407241\"><noscript class=\"wpforms-error-noscript\">Please enable JavaScript in your browser to complete this form.<\/noscript><div class=\"wpforms-hidden\" id=\"wpforms-error-noscript\">Please enable JavaScript in your browser to complete this form.<\/div><div class=\"wpforms-field-container\"><div id=\"wpforms-618-field_1-container\" class=\"wpforms-field wpforms-field-name\" data-field-id=\"1\"><fieldset><legend class=\"wpforms-field-label\">Ad\u0131 Soyad\u0131 <span class=\"wpforms-required-label\" aria-hidden=\"true\">*<\/span><\/legend><div class=\"wpforms-field-row wpforms-field-medium\"><div class=\"wpforms-field-row-block wpforms-first wpforms-one-half\"><input type=\"text\" id=\"wpforms-618-field_1\" class=\"wpforms-field-name-first wpforms-field-required\" name=\"wpforms[fields][1][first]\" aria-errormessage=\"wpforms-618-field_1-error\" required><label for=\"wpforms-618-field_1\" class=\"wpforms-field-sublabel after\">First<\/label><\/div><div class=\"wpforms-field-row-block wpforms-one-half\"><input type=\"text\" id=\"wpforms-618-field_1-last\" class=\"wpforms-field-name-last wpforms-field-required\" name=\"wpforms[fields][1][last]\" aria-errormessage=\"wpforms-618-field_1-last-error\" required><label for=\"wpforms-618-field_1-last\" class=\"wpforms-field-sublabel after\">Last<\/label><\/div><\/div><\/fieldset><\/div><div id=\"wpforms-618-field_17-container\" class=\"wpforms-field wpforms-field-text\" data-field-id=\"17\"><label class=\"wpforms-field-label\" for=\"wpforms-618-field_17\">Do\u011fum Yeri ve Tarihi <span class=\"wpforms-required-label\" aria-hidden=\"true\">*<\/span><\/label><input type=\"text\" id=\"wpforms-618-field_17\" class=\"wpforms-field-medium wpforms-field-required\" name=\"wpforms[fields][17]\" aria-errormessage=\"wpforms-618-field_17-error\" required><\/div><div id=\"wpforms-618-field_9-container\" class=\"wpforms-field wpforms-field-text\" data-field-id=\"9\"><label class=\"wpforms-field-label\" for=\"wpforms-618-field_9\">Kat\u0131ld\u0131\u011f\u0131n\u0131z \u015eehir ve \u00dclke <span class=\"wpforms-required-label\" aria-hidden=\"true\">*<\/span><\/label><input type=\"text\" id=\"wpforms-618-field_9\" class=\"wpforms-field-medium wpforms-field-required\" name=\"wpforms[fields][9]\" aria-errormessage=\"wpforms-618-field_9-error\" required><\/div><div id=\"wpforms-618-field_4-container\" class=\"wpforms-field wpforms-field-number\" data-field-id=\"4\"><label class=\"wpforms-field-label\" for=\"wpforms-618-field_4\">Telefon <span class=\"wpforms-required-label\" aria-hidden=\"true\">*<\/span><\/label><input type=\"number\" id=\"wpforms-618-field_4\" class=\"wpforms-field-medium wpforms-field-required\" name=\"wpforms[fields][4]\" aria-errormessage=\"wpforms-618-field_4-error\" required><\/div><div id=\"wpforms-618-field_2-container\" class=\"wpforms-field wpforms-field-email\" data-field-id=\"2\"><label class=\"wpforms-field-label\" for=\"wpforms-618-field_2\">E-posta <span class=\"wpforms-required-label\" aria-hidden=\"true\">*<\/span><\/label><input type=\"email\" id=\"wpforms-618-field_2\" class=\"wpforms-field-medium wpforms-field-required\" name=\"wpforms[fields][2]\" spellcheck=\"false\" aria-errormessage=\"wpforms-618-field_2-error\" required><\/div><div id=\"wpforms-618-field_10-container\" class=\"wpforms-field wpforms-field-text\" data-field-id=\"10\"><label class=\"wpforms-field-label\" for=\"wpforms-618-field_10\">Fatura Adresi <span class=\"wpforms-required-label\" aria-hidden=\"true\">*<\/span><\/label><input type=\"text\" id=\"wpforms-618-field_10\" class=\"wpforms-field-medium wpforms-field-required\" name=\"wpforms[fields][10]\" aria-errormessage=\"wpforms-618-field_10-error\" required><\/div><div id=\"wpforms-618-field_11-container\" class=\"wpforms-field wpforms-field-text\" data-field-id=\"11\"><label class=\"wpforms-field-label\" for=\"wpforms-618-field_11\">Instagram Profili<\/label><input type=\"text\" id=\"wpforms-618-field_11\" class=\"wpforms-field-medium\" name=\"wpforms[fields][11]\" aria-errormessage=\"wpforms-618-field_11-error\" ><\/div><div id=\"wpforms-618-field_13-container\" class=\"wpforms-field wpforms-field-checkbox\" data-field-id=\"13\"><fieldset><legend class=\"wpforms-field-label\">\u00c7al\u0131\u015fma Alan\u0131 <span class=\"wpforms-required-label\" aria-hidden=\"true\">*<\/span><\/legend><ul id=\"wpforms-618-field_13\" class=\"wpforms-field-required\"><li class=\"choice-1 depth-1\"><input type=\"checkbox\" id=\"wpforms-618-field_13_1\" name=\"wpforms[fields][13][]\" value=\"Spor Mas\u00f6r\u00fc\" aria-errormessage=\"wpforms-618-field_13_1-error\" required ><label class=\"wpforms-field-label-inline\" for=\"wpforms-618-field_13_1\">Spor Mas\u00f6r\u00fc<\/label><\/li><li class=\"choice-2 depth-1\"><input type=\"checkbox\" id=\"wpforms-618-field_13_2\" name=\"wpforms[fields][13][]\" value=\"Serbest Mas\u00f6r\" aria-errormessage=\"wpforms-618-field_13_2-error\" required ><label class=\"wpforms-field-label-inline\" for=\"wpforms-618-field_13_2\">Serbest Mas\u00f6r<\/label><\/li><li class=\"choice-3 depth-1\"><input type=\"checkbox\" id=\"wpforms-618-field_13_3\" name=\"wpforms[fields][13][]\" value=\"Spa - Wellness Mas\u00f6r\u00fc\" aria-errormessage=\"wpforms-618-field_13_3-error\" required ><label class=\"wpforms-field-label-inline\" for=\"wpforms-618-field_13_3\">Spa - Wellness Mas\u00f6r\u00fc<\/label><\/li><li class=\"choice-4 depth-1\"><input type=\"checkbox\" id=\"wpforms-618-field_13_4\" name=\"wpforms[fields][13][]\" value=\"Fizyoterapist\" aria-errormessage=\"wpforms-618-field_13_4-error\" required ><label class=\"wpforms-field-label-inline\" for=\"wpforms-618-field_13_4\">Fizyoterapist<\/label><\/li><\/ul><\/fieldset><\/div><div id=\"wpforms-618-field_7-container\" class=\"wpforms-field wpforms-field-text\" data-field-id=\"7\"><label class=\"wpforms-field-label\" for=\"wpforms-618-field_7\">K\u0131sa Tan\u0131t\u0131m <span class=\"wpforms-required-label\" aria-hidden=\"true\">*<\/span><\/label><input type=\"text\" id=\"wpforms-618-field_7\" class=\"wpforms-field-medium wpforms-field-required\" name=\"wpforms[fields][7]\" aria-errormessage=\"wpforms-618-field_7-error\" required><\/div><div id=\"wpforms-618-field_14-container\" class=\"wpforms-field wpforms-field-checkbox\" data-field-id=\"14\"><fieldset><legend class=\"wpforms-field-label\">Kat\u0131l\u0131m Kategorisi <span class=\"wpforms-required-label\" aria-hidden=\"true\">*<\/span><\/legend><ul id=\"wpforms-618-field_14\" class=\"wpforms-field-required\"><li class=\"choice-1 depth-1\"><input type=\"checkbox\" id=\"wpforms-618-field_14_1\" name=\"wpforms[fields][14][]\" value=\"Spor Masaj\u0131\" aria-errormessage=\"wpforms-618-field_14_1-error\" required ><label class=\"wpforms-field-label-inline\" for=\"wpforms-618-field_14_1\">Spor Masaj\u0131<\/label><\/li><li class=\"choice-2 depth-1\"><input type=\"checkbox\" id=\"wpforms-618-field_14_2\" name=\"wpforms[fields][14][]\" value=\"Serbest Stil Masaj\" aria-errormessage=\"wpforms-618-field_14_2-error\" required ><label class=\"wpforms-field-label-inline\" for=\"wpforms-618-field_14_2\">Serbest Stil Masaj<\/label><\/li><\/ul><\/fieldset><\/div><div id=\"wpforms-618-field_15-container\" class=\"wpforms-field wpforms-field-checkbox\" data-field-id=\"15\"><fieldset><legend class=\"wpforms-field-label\">Kat\u0131l\u0131m Alt Kategorisi <\/legend><ul id=\"wpforms-618-field_15\"><li class=\"choice-1 depth-1\"><input type=\"checkbox\" id=\"wpforms-618-field_15_1\" name=\"wpforms[fields][15][]\" value=\"Klasik Masaj\" aria-errormessage=\"wpforms-618-field_15_1-error\" aria-describedby=\"wpforms-618-field_15-description\"  ><label class=\"wpforms-field-label-inline\" for=\"wpforms-618-field_15_1\">Klasik Masaj<\/label><\/li><li class=\"choice-2 depth-1\"><input type=\"checkbox\" id=\"wpforms-618-field_15_2\" name=\"wpforms[fields][15][]\" value=\"Uzak Asya Thai Masaj\" aria-errormessage=\"wpforms-618-field_15_2-error\" aria-describedby=\"wpforms-618-field_15-description\"  ><label class=\"wpforms-field-label-inline\" for=\"wpforms-618-field_15_2\">Uzak Asya Thai Masaj<\/label><\/li><li class=\"choice-4 depth-1\"><input type=\"checkbox\" id=\"wpforms-618-field_15_4\" name=\"wpforms[fields][15][]\" value=\"Therapeutic Masaj\" aria-errormessage=\"wpforms-618-field_15_4-error\" aria-describedby=\"wpforms-618-field_15-description\"  ><label class=\"wpforms-field-label-inline\" for=\"wpforms-618-field_15_4\">Therapeutic Masaj<\/label><\/li><\/ul><div id=\"wpforms-618-field_15-description\" class=\"wpforms-field-description\">Serbest stillde yar\u0131\u015facak i\u00e7in yar\u0131\u015fmac\u0131lar i\u00e7in gereklidir.<\/div><\/fieldset><\/div><div id=\"wpforms-618-field_16-container\" class=\"wpforms-field wpforms-field-radio\" data-field-id=\"16\"><fieldset><legend class=\"wpforms-field-label\">Kat\u0131l\u0131m \u00dccreti <span class=\"wpforms-required-label\" aria-hidden=\"true\">*<\/span><\/legend><ul id=\"wpforms-618-field_16\" class=\"wpforms-field-required\"><li class=\"choice-1 depth-1\"><input type=\"radio\" id=\"wpforms-618-field_16_1\" name=\"wpforms[fields][16]\" value=\"Genel Tek - 2500TL\" aria-errormessage=\"wpforms-618-field_16_1-error\" required ><label class=\"wpforms-field-label-inline\" for=\"wpforms-618-field_16_1\">Genel Tek - 2500TL<\/label><\/li><li class=\"choice-2 depth-1\"><input type=\"radio\" id=\"wpforms-618-field_16_2\" name=\"wpforms[fields][16]\" value=\"Genel \u00c7ift - 4000TL\" aria-errormessage=\"wpforms-618-field_16_2-error\" required ><label class=\"wpforms-field-label-inline\" for=\"wpforms-618-field_16_2\">Genel \u00c7ift - 4000TL<\/label><\/li><li class=\"choice-3 depth-1\"><input type=\"radio\" id=\"wpforms-618-field_16_3\" name=\"wpforms[fields][16]\" value=\"\u00d6\u011frenci Tek - 1500TL\" aria-errormessage=\"wpforms-618-field_16_3-error\" required ><label class=\"wpforms-field-label-inline\" for=\"wpforms-618-field_16_3\">\u00d6\u011frenci Tek - 1500TL<\/label><\/li><li class=\"choice-4 depth-1\"><input type=\"radio\" id=\"wpforms-618-field_16_4\" name=\"wpforms[fields][16]\" value=\"\u00d6\u011frenci \u00c7ift - 2500\" aria-errormessage=\"wpforms-618-field_16_4-error\" required ><label class=\"wpforms-field-label-inline\" for=\"wpforms-618-field_16_4\">\u00d6\u011frenci \u00c7ift - 2500<\/label><\/li><\/ul><\/fieldset><\/div><\/div><!-- .wpforms-field-container --><div class=\"wpforms-submit-container\" ><input type=\"hidden\" name=\"wpforms[id]\" value=\"618\"><input type=\"hidden\" name=\"page_title\" value=\"\"><input type=\"hidden\" name=\"page_url\" value=\"https:\/\/expo-sport.com\/en\/wp-json\/wp\/v2\/pages\/613\"><button type=\"submit\" name=\"wpforms[submit]\" id=\"wpforms-submit-618\" class=\"wpforms-submit\" data-alt-text=\"G\u00f6nderiliyor...\" data-submit-text=\"G\u00f6nder\" aria-live=\"assertive\" value=\"wpforms-submit\">G\u00f6nder<\/button><img loading=\"lazy\" decoding=\"async\" src=\"https:\/\/expo-sport.com\/wp-content\/plugins\/wpforms-lite\/assets\/images\/submit-spin.svg\" class=\"wpforms-submit-spinner\" style=\"display: none;\" width=\"26\" height=\"26\" alt=\"Loading\"><\/div><\/form><\/div>  <!-- .wpforms-container --><\/p>\n    <\/div>\n<\/div>\n        <\/div>\n    <\/div>\n<\/div>\n\t\t\t<\/div>\n        <\/div>\n            <\/section>\n<\/div>","protected":false},"excerpt":{"rendered":"EXPO SPORT \u0130ZM\u0130R ULUSLARARASI SPOR FUARI 25-28 EYL\u00dcL 2025 EXPO SPORT \u0130ZM\u0130R 2025 SPOR VE SERBEST ST\u0130L T\u00dcRK\u0130YE MASAJ \u015eAMP\u0130YONASI \u0130kincisi d\u00fczenlenen bu yar\u0131\u015fma; \u00dclkemizdeki Masaj Terapistlerinin moral motivasyonlar\u0131n\u0131 art\u0131rmak, mesleki rekabeti yar\u0131\u015fma formasyonu i\u00e7inde pozitif, birle\u015ftirici ve yeniliklerin payla\u015f\u0131ld\u0131\u011f\u0131 bir organizasyon olacakt\u0131r. ExpoSport \u0130zmir 2025 Spor Fuar\u0131 kapsam\u0131nda 27 Eyl\u00fcl Cumartesi t\u00fcm g\u00fcn spor masaj\u0131 ve serbest stil masaj [...]","protected":false},"author":1,"featured_media":0,"parent":0,"menu_order":0,"comment_status":"closed","ping_status":"closed","template":"page-templates\/full-width.php","meta":{"footnotes":""},"class_list":["post-613","page","type-page","status-publish","hentry"],"_links":{"self":[{"href":"https:\/\/expo-sport.com\/en\/wp-json\/wp\/v2\/pages\/613","targetHints":{"allow":["GET"]}}],"collection":[{"href":"https:\/\/expo-sport.com\/en\/wp-json\/wp\/v2\/pages"}],"about":[{"href":"https:\/\/expo-sport.com\/en\/wp-json\/wp\/v2\/types\/page"}],"author":[{"embeddable":true,"href":"https:\/\/expo-sport.com\/en\/wp-json\/wp\/v2\/users\/1"}],"replies":[{"embeddable":true,"href":"https:\/\/expo-sport.com\/en\/wp-json\/wp\/v2\/comments?post=613"}],"version-history":[{"count":19,"href":"https:\/\/expo-sport.com\/en\/wp-json\/wp\/v2\/pages\/613\/revisions"}],"predecessor-version":[{"id":766,"href":"https:\/\/expo-sport.com\/en\/wp-json\/wp\/v2\/pages\/613\/revisions\/766"}],"wp:attachment":[{"href":"https:\/\/expo-sport.com\/en\/wp-json\/wp\/v2\/media?parent=613"}],"curies":[{"name":"wp","href":"https:\/\/api.w.org\/{rel}","templated":true}]}}