{"id":511,"date":"2025-04-27T15:25:17","date_gmt":"2025-04-27T12:25:17","guid":{"rendered":"https:\/\/expo-sport.com\/?page_id=511"},"modified":"2026-02-15T14:54:31","modified_gmt":"2026-02-15T11:54:31","slug":"pilates-summit","status":"publish","type":"page","link":"https:\/\/expo-sport.com\/en\/pilates-summit\/","title":{"rendered":"Pilates Summit"},"content":{"rendered":"<div class=\"wpb-content-wrapper\"><section class=\"container-wrap  main-color\" style=\"padding-top:40px;padding-bottom:40px\" >\n\t\t<div class=\"section-container container\">\n\t\t\t<div class=\"vc_row wpb_row vc_row-fluid row vc_row-o-content-middle vc_row-flex\">\n\t\t\t\t<div class=\"wpb_column vc_column_container vc_col-sm-6\">\n    <div class=\"vc_column-inner\">\n        <div class=\"wpb_wrapper\">\n            <div class=\"wpb_single_image wpb_content_element vc_align_right\">\n\t\t<figure class=\"wpb_wrapper vc_figure\">\n\t\t\t\t\t<div class=\"vc_single_image-wrapper   vc_box_border_grey\">\n\t\t\t\t<img loading=\"lazy\" decoding=\"async\" width=\"1080\" height=\"1080\" src=\"https:\/\/expo-sport.com\/wp-content\/uploads\/2026\/02\/2-pilates-summit.jpeg\" class=\"vc_single_image-img attachment-full\" alt=\"pilates summit\" title=\"2-pilates-summit\" \/>\t\t\t<\/div>\n\t\t\t\t\t\t<\/figure>\n<\/div>\n        <\/div>\n    <\/div>\n<\/div>\n<div class=\"wpb_column vc_column_container vc_col-sm-6\">\n    <div class=\"vc_column-inner\">\n        <div class=\"wpb_wrapper\">\n            <div class=\"kleo_text_column wpb_text_column wpb_content_element\"  style=\" color:#000000;\">\n    <div class=\"wpb_wrapper\">\n        <h3 style=\"text-align: center;\">Pilates Elevate<br \/>\nSummit<br \/>\n18,19,20 Eyl\u00fcl 2026<\/h3>\n<h5 style=\"text-align: center;\"><strong>D\u00fcnyaca \u00fcnl\u00fc e\u011fitmenler e\u015fli\u011finde 3 g\u00fcnl\u00fck ileri seviye pilates e\u011fitimi<\/strong><\/h5>\n<h5 style=\"text-align: center;\"><strong>G\u00dcNL\u00dcK B\u0130LET: 7.500 TL<\/strong><br \/>\n<strong>3 G\u00dcNL\u00dcK FULL B\u0130LET: 15.000 TL<\/strong><\/h5>\n    <\/div>\n<\/div>\n        <\/div>\n    <\/div>\n<\/div>\n\t\t\t<\/div>\n        <\/div>\n            <\/section>\n    <section class=\"container-wrap  main-color\" style=\"padding-top:40px;padding-bottom:40px\" >\n\t\t<div class=\"section-container container\">\n\t\t\t<div class=\"vc_row wpb_row vc_row-fluid row\">\n\t\t\t\t<div class=\"wpb_column vc_column_container vc_col-sm-12\">\n    <div class=\"vc_column-inner\">\n        <div class=\"wpb_wrapper\">\n            <div class=\"vc_row wpb_row vc_inner vc_row-fluid\">\n\t\n<div class=\"wpb_column vc_column_container vc_col-sm-6\">\n    <div class=\"vc_column-inner\">\n        <div class=\"wpb_wrapper\">\n            <div class=\"kleo_text_column wpb_text_column wpb_content_element\"  style=\" color:#000000;\">\n    <div class=\"wpb_wrapper\">\n        <h5 style=\"text-align: center;\">Pilates Elevate Summit<br \/>\n<strong>G\u00fcnl\u00fck Bilet: 7.500 TL<\/strong><\/h5>\n<h5 style=\"text-align: center;\"><\/h5>\n    <\/div>\n<\/div>\n<p class=\"product woocommerce add_to_cart_inline\" style=\"1 G\u00fcnl\u00fck Bilet Sat\u0131n Al\"><span class=\"woocommerce-Price-amount amount\"><bdi><span class=\"woocommerce-Price-currencySymbol\">&#8378;<\/span>7.500,00<\/bdi><\/span><a href=\"\/en\/wp-json\/wp\/v2\/pages\/511?add-to-cart=513\" aria-describedby=\"woocommerce_loop_add_to_cart_link_describedby_513\" data-quantity=\"1\" class=\"button product_type_simple add_to_cart_button ajax_add_to_cart\" data-product_id=\"513\" data-product_sku=\"\" aria-label=\"Add to cart: \u201cPilates Elevate Summit 1 G\u00fcnl\u00fck Bilet\u201d\" rel=\"nofollow\" data-success_message=\"\u201cPilates Elevate Summit 1 G\u00fcnl\u00fck Bilet\u201d has been added to your cart\" data-no-translation=\"\" data-trp-gettext=\"\" data-no-translation-aria-label=\"\" data-no-translation-data-success_message=\"\">Add to cart<\/a>\t<span id=\"woocommerce_loop_add_to_cart_link_describedby_513\" class=\"screen-reader-text\">\n\t\t\t<\/span>\n<\/p>        <\/div>\n    <\/div>\n<\/div>\n\n<div class=\"wpb_column vc_column_container vc_col-sm-6\">\n    <div class=\"vc_column-inner\">\n        <div class=\"wpb_wrapper\">\n            <div class=\"kleo_text_column wpb_text_column wpb_content_element\"  style=\" color:#000000;\">\n    <div class=\"wpb_wrapper\">\n        <h5 style=\"text-align: center;\">Pilates Elevate Summit<br \/>\n<strong>3 G\u00fcnl\u00fck Bilet: 15.000 TL<\/strong><\/h5>\n<h5 style=\"text-align: center;\"><\/h5>\n    <\/div>\n<\/div>\n<p class=\"product woocommerce add_to_cart_inline\" style=\"2 G\u00fcnl\u00fck Bilet Sat\u0131n Al\"><span class=\"woocommerce-Price-amount amount\"><bdi><span class=\"woocommerce-Price-currencySymbol\">&#8378;<\/span>15.000,00<\/bdi><\/span><a href=\"\/en\/wp-json\/wp\/v2\/pages\/511?add-to-cart=514\" aria-describedby=\"woocommerce_loop_add_to_cart_link_describedby_514\" data-quantity=\"1\" class=\"button product_type_simple add_to_cart_button ajax_add_to_cart\" data-product_id=\"514\" data-product_sku=\"\" aria-label=\"Add to cart: \u201cPilates Elevate Summit 3 G\u00fcnl\u00fck Bilet\u201d\" rel=\"nofollow\" data-success_message=\"\u201cPilates Elevate Summit 3 G\u00fcnl\u00fck Bilet\u201d has been added to your cart\" data-no-translation=\"\" data-trp-gettext=\"\" data-no-translation-aria-label=\"\" data-no-translation-data-success_message=\"\">Add to cart<\/a>\t<span id=\"woocommerce_loop_add_to_cart_link_describedby_514\" class=\"screen-reader-text\">\n\t\t\t<\/span>\n<\/p>        <\/div>\n    <\/div>\n<\/div>\n<\/div>\n        <\/div>\n    <\/div>\n<\/div>\n\t\t\t<\/div>\n        <\/div>\n            <\/section>\n<\/div>","protected":false},"excerpt":{"rendered":"Pilates Elevate Summit 18,19,20 Eyl\u00fcl 2026 D\u00fcnyaca \u00fcnl\u00fc e\u011fitmenler e\u015fli\u011finde 3 g\u00fcnl\u00fck ileri seviye pilates e\u011fitimi G\u00dcNL\u00dcK B\u0130LET: 7.500 TL 3 G\u00dcNL\u00dcK FULL B\u0130LET: 15.000 TL Pilates Elevate Summit G\u00fcnl\u00fck Bilet: 7.500 TL &#8378;7.500,00Add to cart Pilates Elevate Summit 3 G\u00fcnl\u00fck Bilet: 15.000 TL &#8378;15.000,00Add to cart","protected":false},"author":1,"featured_media":0,"parent":0,"menu_order":0,"comment_status":"closed","ping_status":"closed","template":"page-templates\/full-width.php","meta":{"footnotes":""},"class_list":["post-511","page","type-page","status-publish","hentry"],"_links":{"self":[{"href":"https:\/\/expo-sport.com\/en\/wp-json\/wp\/v2\/pages\/511","targetHints":{"allow":["GET"]}}],"collection":[{"href":"https:\/\/expo-sport.com\/en\/wp-json\/wp\/v2\/pages"}],"about":[{"href":"https:\/\/expo-sport.com\/en\/wp-json\/wp\/v2\/types\/page"}],"author":[{"embeddable":true,"href":"https:\/\/expo-sport.com\/en\/wp-json\/wp\/v2\/users\/1"}],"replies":[{"embeddable":true,"href":"https:\/\/expo-sport.com\/en\/wp-json\/wp\/v2\/comments?post=511"}],"version-history":[{"count":11,"href":"https:\/\/expo-sport.com\/en\/wp-json\/wp\/v2\/pages\/511\/revisions"}],"predecessor-version":[{"id":1041,"href":"https:\/\/expo-sport.com\/en\/wp-json\/wp\/v2\/pages\/511\/revisions\/1041"}],"wp:attachment":[{"href":"https:\/\/expo-sport.com\/en\/wp-json\/wp\/v2\/media?parent=511"}],"curies":[{"name":"wp","href":"https:\/\/api.w.org\/{rel}","templated":true}]}}