{"id":466,"date":"2025-03-04T22:52:22","date_gmt":"2025-03-04T19:52:22","guid":{"rendered":"https:\/\/expo-sport.com\/sepet\/"},"modified":"2025-04-29T22:22:08","modified_gmt":"2025-04-29T19:22:08","slug":"sepet","status":"publish","type":"page","link":"https:\/\/expo-sport.com\/en\/sepet\/","title":{"rendered":"Sepet"},"content":{"rendered":"<div data-block-name=\"woocommerce\/cart\" class=\"wp-block-woocommerce-cart alignwide is-loading\">\r\n<div data-block-name=\"woocommerce\/filled-cart-block\" class=\"wp-block-woocommerce-filled-cart-block\">\r\n<div data-block-name=\"woocommerce\/cart-items-block\" class=\"wp-block-woocommerce-cart-items-block\">\r\n<div data-block-name=\"woocommerce\/cart-line-items-block\" class=\"wp-block-woocommerce-cart-line-items-block\">\u00a0<\/div>\r\n\r\n\r\n\r\n<div data-block-name=\"woocommerce\/cart-cross-sells-block\" class=\"wp-block-woocommerce-cart-cross-sells-block\">\r\n<h2 class=\"wp-block-heading has-large-font-size\">\u0130lginizi \u00e7ekebilir\u2026<\/h2>\r\n\r\n\r\n\r\n<div data-block-name=\"woocommerce\/cart-cross-sells-products-block\" class=\"wp-block-woocommerce-cart-cross-sells-products-block\">\u00a0<\/div>\r\n<\/div>\r\n<\/div>\r\n\r\n\r\n\r\n<div data-block-name=\"woocommerce\/cart-totals-block\" class=\"wp-block-woocommerce-cart-totals-block\">\r\n<div data-block-name=\"woocommerce\/cart-order-summary-block\" class=\"wp-block-woocommerce-cart-order-summary-block\">\r\n<div data-block-name=\"woocommerce\/cart-order-summary-heading-block\" class=\"wp-block-woocommerce-cart-order-summary-heading-block\">\u00a0<\/div>\r\n\r\n\r\n\r\n<div data-block-name=\"woocommerce\/cart-order-summary-coupon-form-block\" class=\"wp-block-woocommerce-cart-order-summary-coupon-form-block\">\u00a0<\/div>\r\n\r\n\r\n\r\n\r\n\r\n\r\n\r\n\r\n\r\n\r\n\r\n\r\n\r\n\r\n\r\n\r\n\r\n\r\n\r\n<div data-block-name=\"woocommerce\/cart-order-summary-totals-block\" class=\"wp-block-woocommerce-cart-order-summary-totals-block\">\n<div data-block-name=\"woocommerce\/cart-order-summary-subtotal-block\" class=\"wp-block-woocommerce-cart-order-summary-subtotal-block\">\u00a0<\/div>\n<div data-block-name=\"woocommerce\/cart-order-summary-discount-block\" class=\"wp-block-woocommerce-cart-order-summary-discount-block\">\u00a0<\/div>\n<div data-block-name=\"woocommerce\/cart-order-summary-fee-block\" class=\"wp-block-woocommerce-cart-order-summary-fee-block\">\u00a0<\/div>\n<div data-block-name=\"woocommerce\/cart-order-summary-shipping-block\" class=\"wp-block-woocommerce-cart-order-summary-shipping-block\">\u00a0<\/div>\n<div data-block-name=\"woocommerce\/cart-order-summary-taxes-block\" class=\"wp-block-woocommerce-cart-order-summary-taxes-block\">\u00a0<\/div><\/div>\r\n<\/div>\r\n\r\n\r\n\r\n<div data-block-name=\"woocommerce\/cart-express-payment-block\" class=\"wp-block-woocommerce-cart-express-payment-block\">\u00a0<\/div>\r\n\r\n\r\n\r\n<div data-block-name=\"woocommerce\/proceed-to-checkout-block\" class=\"wp-block-woocommerce-proceed-to-checkout-block\">\u00a0<\/div>\r\n\r\n\r\n\r\n<div data-block-name=\"woocommerce\/cart-accepted-payment-methods-block\" class=\"wp-block-woocommerce-cart-accepted-payment-methods-block\">\u00a0<\/div>\r\n<\/div>\r\n<\/div>\r\n\r\n\r\n\r\n<div data-block-name=\"woocommerce\/empty-cart-block\" class=\"wp-block-woocommerce-empty-cart-block\">\r\n<h2 class=\"wp-block-heading has-text-align-center with-empty-cart-icon wc-block-cart__empty-cart__title\">Sepetiniz \u015fu anda bo\u015f!<\/h2>\r\n\r\n\r\n<hr class=\"wp-block-separator has-alpha-channel-opacity is-style-dots\" \/>\r\n\r\n\r\n<h2 class=\"wp-block-heading has-text-align-center\">Ma\u011fazada yeni<\/h2>\r\n\r\n\r\n<div data-block-name=\"woocommerce\/product-new\" data-columns=\"4\" data-rows=\"1\" class=\"wc-block-grid wp-block-product-new wp-block-woocommerce-product-new wc-block-product-new has-4-columns\"><ul class=\"wc-block-grid__products\"><li class=\"wc-block-grid__product\">\n\t\t\t\t<a href=\"https:\/\/expo-sport.com\/en\/product\/expo-padel-cup-2026\/\" class=\"wc-block-grid__product-link\">\n\t\t\t\t\t\n\t\t\t\t\t<div class=\"wc-block-grid__product-image\"><img loading=\"lazy\" decoding=\"async\" width=\"300\" height=\"300\" src=\"https:\/\/expo-sport.com\/wp-content\/uploads\/2026\/04\/padel-cup-26-300x300.jpeg\" class=\"attachment-woocommerce_thumbnail size-woocommerce_thumbnail\" alt=\"padel-cup\" srcset=\"https:\/\/expo-sport.com\/wp-content\/uploads\/2026\/04\/padel-cup-26-300x300.jpeg 300w, https:\/\/expo-sport.com\/wp-content\/uploads\/2026\/04\/padel-cup-26-150x150.jpeg 150w, https:\/\/expo-sport.com\/wp-content\/uploads\/2026\/04\/padel-cup-26-100x100.jpeg 100w\" sizes=\"auto, (max-width: 300px) 100vw, 300px\" \/><\/div>\n\t\t\t\t\t<div class=\"wc-block-grid__product-title\">Expo Padel Cup 2026<\/div>\n\t\t\t\t<\/a>\n\t\t\t\t<div class=\"wc-block-grid__product-price price\"><span class=\"woocommerce-Price-amount amount\"><span class=\"woocommerce-Price-currencySymbol\">&#8378;<\/span>0,00<\/span><\/div>\n\t\t\t\t\n\t\t\t\t<div class=\"wp-block-button wc-block-grid__product-add-to-cart\"><a href=\"https:\/\/expo-sport.com\/en\/product\/expo-padel-cup-2026\/\" aria-label=\"Add to cart: \u201cExpo Padel Cup 2026\u201d\" data-quantity=\"1\" data-product_id=\"1121\" data-product_sku=\"\" data-price=\"0\" rel=\"nofollow\" class=\"wp-block-button__link  add_to_cart_button\" data-no-translation-aria-label=\"\">Register<\/a><\/div>\n\t\t\t<\/li><li class=\"wc-block-grid__product\">\n\t\t\t\t<a href=\"https:\/\/expo-sport.com\/en\/product\/npc-worlwide\/\" class=\"wc-block-grid__product-link\">\n\t\t\t\t\t\n\t\t\t\t\t<div class=\"wc-block-grid__product-image\"><img loading=\"lazy\" decoding=\"async\" width=\"300\" height=\"300\" src=\"https:\/\/expo-sport.com\/wp-content\/uploads\/2026\/01\/npc-pro-300x300.png\" class=\"attachment-woocommerce_thumbnail size-woocommerce_thumbnail\" alt=\"npc pro\" srcset=\"https:\/\/expo-sport.com\/wp-content\/uploads\/2026\/01\/npc-pro-300x300.png 300w, https:\/\/expo-sport.com\/wp-content\/uploads\/2026\/01\/npc-pro-150x150.png 150w, https:\/\/expo-sport.com\/wp-content\/uploads\/2026\/01\/npc-pro-100x100.png 100w\" sizes=\"auto, (max-width: 300px) 100vw, 300px\" \/><\/div>\n\t\t\t\t\t<div class=\"wc-block-grid__product-title\">NPC WORLDWIDE \u2013 PRO QUALIFIER SHOW<\/div>\n\t\t\t\t<\/a>\n\t\t\t\t<div class=\"wc-block-grid__product-price price\"><span class=\"woocommerce-Price-amount amount\"><span class=\"woocommerce-Price-currencySymbol\">&#8378;<\/span>0,00<\/span><\/div>\n\t\t\t\t\n\t\t\t\t<div class=\"wp-block-button wc-block-grid__product-add-to-cart\"><a href=\"https:\/\/expo-sport.com\/en\/product\/npc-worlwide\/\" aria-label=\"Add to cart: \u201cNPC WORLDWIDE - PRO QUALIFIER SHOW\u201d\" data-quantity=\"1\" data-product_id=\"964\" data-product_sku=\"\" data-price=\"0\" rel=\"nofollow\" class=\"wp-block-button__link  add_to_cart_button\" data-no-translation-aria-label=\"\">Register<\/a><\/div>\n\t\t\t<\/li><li class=\"wc-block-grid__product\">\n\t\t\t\t<a href=\"https:\/\/expo-sport.com\/en\/product\/cift-kategori-ogrenci\/\" class=\"wc-block-grid__product-link\">\n\t\t\t\t\t\n\t\t\t\t\t<div class=\"wc-block-grid__product-image\"><img loading=\"lazy\" decoding=\"async\" width=\"300\" height=\"300\" src=\"https:\/\/expo-sport.com\/wp-content\/uploads\/2025\/06\/WhatsApp-Gorsel-2025-06-12-saat-10.40.02_a25cebaf-300x300.jpg\" class=\"attachment-woocommerce_thumbnail size-woocommerce_thumbnail\" alt=\"\u00c7ift Kategori \u00d6\u011frenci &lt;\/br&gt; 2500TL\" srcset=\"https:\/\/expo-sport.com\/wp-content\/uploads\/2025\/06\/WhatsApp-Gorsel-2025-06-12-saat-10.40.02_a25cebaf-300x300.jpg 300w, https:\/\/expo-sport.com\/wp-content\/uploads\/2025\/06\/WhatsApp-Gorsel-2025-06-12-saat-10.40.02_a25cebaf-1024x1024.jpg 1024w, https:\/\/expo-sport.com\/wp-content\/uploads\/2025\/06\/WhatsApp-Gorsel-2025-06-12-saat-10.40.02_a25cebaf-150x150.jpg 150w, https:\/\/expo-sport.com\/wp-content\/uploads\/2025\/06\/WhatsApp-Gorsel-2025-06-12-saat-10.40.02_a25cebaf-768x768.jpg 768w, https:\/\/expo-sport.com\/wp-content\/uploads\/2025\/06\/WhatsApp-Gorsel-2025-06-12-saat-10.40.02_a25cebaf-672x672.jpg 672w, https:\/\/expo-sport.com\/wp-content\/uploads\/2025\/06\/WhatsApp-Gorsel-2025-06-12-saat-10.40.02_a25cebaf-1038x1038.jpg 1038w, https:\/\/expo-sport.com\/wp-content\/uploads\/2025\/06\/WhatsApp-Gorsel-2025-06-12-saat-10.40.02_a25cebaf-480x480.jpg 480w, https:\/\/expo-sport.com\/wp-content\/uploads\/2025\/06\/WhatsApp-Gorsel-2025-06-12-saat-10.40.02_a25cebaf-600x600.jpg 600w, https:\/\/expo-sport.com\/wp-content\/uploads\/2025\/06\/WhatsApp-Gorsel-2025-06-12-saat-10.40.02_a25cebaf-100x100.jpg 100w, https:\/\/expo-sport.com\/wp-content\/uploads\/2025\/06\/WhatsApp-Gorsel-2025-06-12-saat-10.40.02_a25cebaf.jpg 1080w\" sizes=\"auto, (max-width: 300px) 100vw, 300px\" \/><\/div>\n\t\t\t\t\t<div class=\"wc-block-grid__product-title\">\u00c7ift Kategori \u00d6\u011frenci <\/br> 2500TL<\/div>\n\t\t\t\t<\/a>\n\t\t\t\t<div class=\"wc-block-grid__product-price price\"><span class=\"woocommerce-Price-amount amount\"><span class=\"woocommerce-Price-currencySymbol\">&#8378;<\/span>2.500,00<\/span><\/div>\n\t\t\t\t\n\t\t\t\t<div class=\"wp-block-button wc-block-grid__product-add-to-cart\"><a href=\"https:\/\/expo-sport.com\/en\/product\/cift-kategori-ogrenci\/\" aria-label=\"Add to cart: \u201c\u00c7ift Kategori \u00d6\u011frenci &lt;\/br&gt; 2500TL\u201d\" data-quantity=\"1\" data-product_id=\"683\" data-product_sku=\"\" data-price=\"2500\" rel=\"nofollow\" class=\"wp-block-button__link  add_to_cart_button\" data-no-translation-aria-label=\"\">Register<\/a><\/div>\n\t\t\t<\/li><li class=\"wc-block-grid__product\">\n\t\t\t\t<a href=\"https:\/\/expo-sport.com\/en\/product\/tek-kategori-ogrenci\/\" class=\"wc-block-grid__product-link\">\n\t\t\t\t\t\n\t\t\t\t\t<div class=\"wc-block-grid__product-image\"><img loading=\"lazy\" decoding=\"async\" width=\"300\" height=\"300\" src=\"https:\/\/expo-sport.com\/wp-content\/uploads\/2025\/06\/WhatsApp-Gorsel-2025-06-12-saat-10.40.02_a25cebaf-300x300.jpg\" class=\"attachment-woocommerce_thumbnail size-woocommerce_thumbnail\" alt=\"Tek Kategori \u00d6\u011frenci &lt;\/br&gt;1500TL\" srcset=\"https:\/\/expo-sport.com\/wp-content\/uploads\/2025\/06\/WhatsApp-Gorsel-2025-06-12-saat-10.40.02_a25cebaf-300x300.jpg 300w, https:\/\/expo-sport.com\/wp-content\/uploads\/2025\/06\/WhatsApp-Gorsel-2025-06-12-saat-10.40.02_a25cebaf-1024x1024.jpg 1024w, https:\/\/expo-sport.com\/wp-content\/uploads\/2025\/06\/WhatsApp-Gorsel-2025-06-12-saat-10.40.02_a25cebaf-150x150.jpg 150w, https:\/\/expo-sport.com\/wp-content\/uploads\/2025\/06\/WhatsApp-Gorsel-2025-06-12-saat-10.40.02_a25cebaf-768x768.jpg 768w, https:\/\/expo-sport.com\/wp-content\/uploads\/2025\/06\/WhatsApp-Gorsel-2025-06-12-saat-10.40.02_a25cebaf-672x672.jpg 672w, https:\/\/expo-sport.com\/wp-content\/uploads\/2025\/06\/WhatsApp-Gorsel-2025-06-12-saat-10.40.02_a25cebaf-1038x1038.jpg 1038w, https:\/\/expo-sport.com\/wp-content\/uploads\/2025\/06\/WhatsApp-Gorsel-2025-06-12-saat-10.40.02_a25cebaf-480x480.jpg 480w, https:\/\/expo-sport.com\/wp-content\/uploads\/2025\/06\/WhatsApp-Gorsel-2025-06-12-saat-10.40.02_a25cebaf-600x600.jpg 600w, https:\/\/expo-sport.com\/wp-content\/uploads\/2025\/06\/WhatsApp-Gorsel-2025-06-12-saat-10.40.02_a25cebaf-100x100.jpg 100w, https:\/\/expo-sport.com\/wp-content\/uploads\/2025\/06\/WhatsApp-Gorsel-2025-06-12-saat-10.40.02_a25cebaf.jpg 1080w\" sizes=\"auto, (max-width: 300px) 100vw, 300px\" \/><\/div>\n\t\t\t\t\t<div class=\"wc-block-grid__product-title\">Tek Kategori \u00d6\u011frenci <\/br>1500TL<\/div>\n\t\t\t\t<\/a>\n\t\t\t\t<div class=\"wc-block-grid__product-price price\"><span class=\"woocommerce-Price-amount amount\"><span class=\"woocommerce-Price-currencySymbol\">&#8378;<\/span>1.500,00<\/span><\/div>\n\t\t\t\t\n\t\t\t\t<div class=\"wp-block-button wc-block-grid__product-add-to-cart\"><a href=\"https:\/\/expo-sport.com\/en\/product\/tek-kategori-ogrenci\/\" aria-label=\"Add to cart: \u201cTek Kategori \u00d6\u011frenci &lt;\/br&gt;1500TL\u201d\" data-quantity=\"1\" data-product_id=\"682\" data-product_sku=\"\" data-price=\"1500\" rel=\"nofollow\" class=\"wp-block-button__link  add_to_cart_button\" data-no-translation-aria-label=\"\">Register<\/a><\/div>\n\t\t\t<\/li><\/ul><\/div><\/div>\r\n<\/div>","protected":false},"excerpt":{"rendered":"\u00a0 \u0130lginizi \u00e7ekebilir\u2026 \u00a0 \u00a0 \u00a0 \u00a0 \u00a0 \u00a0 \u00a0 \u00a0 \u00a0 \u00a0 \u00a0 Sepetiniz \u015fu anda bo\u015f! Ma\u011fazada yeni","protected":false},"author":1,"featured_media":0,"parent":0,"menu_order":0,"comment_status":"closed","ping_status":"closed","template":"page-templates\/full-width.php","meta":{"footnotes":""},"class_list":["post-466","page","type-page","status-publish","hentry"],"_links":{"self":[{"href":"https:\/\/expo-sport.com\/en\/wp-json\/wp\/v2\/pages\/466","targetHints":{"allow":["GET"]}}],"collection":[{"href":"https:\/\/expo-sport.com\/en\/wp-json\/wp\/v2\/pages"}],"about":[{"href":"https:\/\/expo-sport.com\/en\/wp-json\/wp\/v2\/types\/page"}],"author":[{"embeddable":true,"href":"https:\/\/expo-sport.com\/en\/wp-json\/wp\/v2\/users\/1"}],"replies":[{"embeddable":true,"href":"https:\/\/expo-sport.com\/en\/wp-json\/wp\/v2\/comments?post=466"}],"version-history":[{"count":2,"href":"https:\/\/expo-sport.com\/en\/wp-json\/wp\/v2\/pages\/466\/revisions"}],"predecessor-version":[{"id":524,"href":"https:\/\/expo-sport.com\/en\/wp-json\/wp\/v2\/pages\/466\/revisions\/524"}],"wp:attachment":[{"href":"https:\/\/expo-sport.com\/en\/wp-json\/wp\/v2\/media?parent=466"}],"curies":[{"name":"wp","href":"https:\/\/api.w.org\/{rel}","templated":true}]}}